{"id":4811,"date":"2019-01-29T16:20:37","date_gmt":"2019-01-29T15:20:37","guid":{"rendered":"https:\/\/www.festivalchairs.com\/inspiratie\/"},"modified":"2020-01-14T19:32:13","modified_gmt":"2020-01-14T18:32:13","slug":"inspiratie","status":"publish","type":"page","link":"https:\/\/www.festivalchairs.com\/de\/inspiratie\/","title":{"rendered":"Inspirations- und Detailseiten"},"content":{"rendered":"<p>Sie k\u00f6nnen den FestivalChair bedrucken lassen und in vielf\u00e4ltiger Weise als Werbemittel einsetzen. Der Hocker ist in erster Linie nat\u00fcrlich ein Sitzm\u00f6bel f\u00fcr Besucher oder Teilnehmer, aber es gibt weitaus mehr Anwendungsm\u00f6glichkeiten.<\/p>\n","protected":false},"excerpt":{"rendered":"<p>Sie k\u00f6nnen den FestivalChair bedrucken lassen und in vielf\u00e4ltiger Weise als Werbemittel einsetzen. Der Hocker ist in erster Linie nat\u00fcrlich ein Sitzm\u00f6bel f\u00fcr Besucher oder Teilnehmer, aber es gibt weitaus mehr Anwendungsm\u00f6glichkeiten.<\/p>\n","protected":false},"author":1,"featured_media":0,"parent":0,"menu_order":71,"comment_status":"closed","ping_status":"closed","template":"page_inspiratie.php","meta":{"_acf_changed":false,"footnotes":""},"class_list":["post-4811","page","type-page","status-publish","hentry"],"acf":[],"yoast_head":"<!-- This site is optimized with the Yoast SEO plugin v27.5 - https:\/\/yoast.com\/product\/yoast-seo-wordpress\/ -->\n<title>Inspirations- und Detailseiten - FestivalChairs<\/title>\n<meta name=\"robots\" content=\"index, follow, max-snippet:-1, max-image-preview:large, max-video-preview:-1\" \/>\n<link rel=\"canonical\" href=\"https:\/\/www.festivalchairs.com\/de\/inspiratie\/\" \/>\n<meta property=\"og:locale\" content=\"de_DE\" \/>\n<meta property=\"og:type\" content=\"article\" \/>\n<meta property=\"og:title\" content=\"Inspirations- und Detailseiten - FestivalChairs\" \/>\n<meta property=\"og:description\" content=\"Sie k\u00f6nnen den FestivalChair bedrucken lassen und in vielf\u00e4ltiger Weise als Werbemittel einsetzen. Der Hocker ist in erster Linie nat\u00fcrlich ein Sitzm\u00f6bel f\u00fcr Besucher oder Teilnehmer, aber es gibt weitaus mehr Anwendungsm\u00f6glichkeiten.\" \/>\n<meta property=\"og:url\" content=\"https:\/\/www.festivalchairs.com\/de\/inspiratie\/\" \/>\n<meta property=\"og:site_name\" content=\"FestivalChairs\" \/>\n<meta property=\"article:publisher\" content=\"https:\/\/www.facebook.com\/festivalchairs\/\" \/>\n<meta property=\"article:modified_time\" content=\"2020-01-14T18:32:13+00:00\" \/>\n<meta name=\"twitter:card\" content=\"summary_large_image\" \/>\n<meta name=\"twitter:site\" content=\"@festivalchairs\" \/>\n<script type=\"application\/ld+json\" class=\"yoast-schema-graph\">{\"@context\":\"https:\\\/\\\/schema.org\",\"@graph\":[{\"@type\":\"WebPage\",\"@id\":\"https:\\\/\\\/www.festivalchairs.com\\\/de\\\/inspiratie\\\/\",\"url\":\"https:\\\/\\\/www.festivalchairs.com\\\/de\\\/inspiratie\\\/\",\"name\":\"Inspirations- und Detailseiten - FestivalChairs\",\"isPartOf\":{\"@id\":\"https:\\\/\\\/festivalchairs.com\\\/#website\"},\"datePublished\":\"2019-01-29T15:20:37+00:00\",\"dateModified\":\"2020-01-14T18:32:13+00:00\",\"breadcrumb\":{\"@id\":\"https:\\\/\\\/www.festivalchairs.com\\\/de\\\/inspiratie\\\/#breadcrumb\"},\"inLanguage\":\"de-DE\",\"potentialAction\":[{\"@type\":\"ReadAction\",\"target\":[\"https:\\\/\\\/www.festivalchairs.com\\\/de\\\/inspiratie\\\/\"]}]},{\"@type\":\"BreadcrumbList\",\"@id\":\"https:\\\/\\\/www.festivalchairs.com\\\/de\\\/inspiratie\\\/#breadcrumb\",\"itemListElement\":[{\"@type\":\"ListItem\",\"position\":1,\"name\":\"Home\",\"item\":\"https:\\\/\\\/www.festivalchairs.com\\\/de\\\/\"},{\"@type\":\"ListItem\",\"position\":2,\"name\":\"Inspirations- und Detailseiten\"}]},{\"@type\":\"WebSite\",\"@id\":\"https:\\\/\\\/festivalchairs.com\\\/#website\",\"url\":\"https:\\\/\\\/festivalchairs.com\\\/\",\"name\":\"FestivalChairs\",\"description\":\"Het krukje dat iedereen ziet zitten!\",\"publisher\":{\"@id\":\"https:\\\/\\\/festivalchairs.com\\\/#organization\"},\"potentialAction\":[{\"@type\":\"SearchAction\",\"target\":{\"@type\":\"EntryPoint\",\"urlTemplate\":\"https:\\\/\\\/festivalchairs.com\\\/?s={search_term_string}\"},\"query-input\":{\"@type\":\"PropertyValueSpecification\",\"valueRequired\":true,\"valueName\":\"search_term_string\"}}],\"inLanguage\":\"de-DE\"},{\"@type\":\"Organization\",\"@id\":\"https:\\\/\\\/festivalchairs.com\\\/#organization\",\"name\":\"FestivalChairs\",\"url\":\"https:\\\/\\\/festivalchairs.com\\\/\",\"logo\":{\"@type\":\"ImageObject\",\"inLanguage\":\"de-DE\",\"@id\":\"https:\\\/\\\/festivalchairs.com\\\/#\\\/schema\\\/logo\\\/image\\\/\",\"url\":\"https:\\\/\\\/www.festivalchairs.com\\\/app\\\/uploads\\\/2020\\\/01\\\/logo-en-light-hd.png\",\"contentUrl\":\"https:\\\/\\\/www.festivalchairs.com\\\/app\\\/uploads\\\/2020\\\/01\\\/logo-en-light-hd.png\",\"width\":458,\"height\":64,\"caption\":\"FestivalChairs\"},\"image\":{\"@id\":\"https:\\\/\\\/festivalchairs.com\\\/#\\\/schema\\\/logo\\\/image\\\/\"},\"sameAs\":[\"https:\\\/\\\/www.facebook.com\\\/festivalchairs\\\/\",\"https:\\\/\\\/x.com\\\/festivalchairs\",\"https:\\\/\\\/www.youtube.com\\\/user\\\/FestivalChairs\"]}]}<\/script>\n<!-- \/ Yoast SEO plugin. -->","yoast_head_json":{"title":"Inspirations- und Detailseiten - FestivalChairs","robots":{"index":"index","follow":"follow","max-snippet":"max-snippet:-1","max-image-preview":"max-image-preview:large","max-video-preview":"max-video-preview:-1"},"canonical":"https:\/\/www.festivalchairs.com\/de\/inspiratie\/","og_locale":"de_DE","og_type":"article","og_title":"Inspirations- und Detailseiten - FestivalChairs","og_description":"Sie k\u00f6nnen den FestivalChair bedrucken lassen und in vielf\u00e4ltiger Weise als Werbemittel einsetzen. Der Hocker ist in erster Linie nat\u00fcrlich ein Sitzm\u00f6bel f\u00fcr Besucher oder Teilnehmer, aber es gibt weitaus mehr Anwendungsm\u00f6glichkeiten.","og_url":"https:\/\/www.festivalchairs.com\/de\/inspiratie\/","og_site_name":"FestivalChairs","article_publisher":"https:\/\/www.facebook.com\/festivalchairs\/","article_modified_time":"2020-01-14T18:32:13+00:00","twitter_card":"summary_large_image","twitter_site":"@festivalchairs","schema":{"@context":"https:\/\/schema.org","@graph":[{"@type":"WebPage","@id":"https:\/\/www.festivalchairs.com\/de\/inspiratie\/","url":"https:\/\/www.festivalchairs.com\/de\/inspiratie\/","name":"Inspirations- und Detailseiten - FestivalChairs","isPartOf":{"@id":"https:\/\/festivalchairs.com\/#website"},"datePublished":"2019-01-29T15:20:37+00:00","dateModified":"2020-01-14T18:32:13+00:00","breadcrumb":{"@id":"https:\/\/www.festivalchairs.com\/de\/inspiratie\/#breadcrumb"},"inLanguage":"de-DE","potentialAction":[{"@type":"ReadAction","target":["https:\/\/www.festivalchairs.com\/de\/inspiratie\/"]}]},{"@type":"BreadcrumbList","@id":"https:\/\/www.festivalchairs.com\/de\/inspiratie\/#breadcrumb","itemListElement":[{"@type":"ListItem","position":1,"name":"Home","item":"https:\/\/www.festivalchairs.com\/de\/"},{"@type":"ListItem","position":2,"name":"Inspirations- und Detailseiten"}]},{"@type":"WebSite","@id":"https:\/\/festivalchairs.com\/#website","url":"https:\/\/festivalchairs.com\/","name":"FestivalChairs","description":"Het krukje dat iedereen ziet zitten!","publisher":{"@id":"https:\/\/festivalchairs.com\/#organization"},"potentialAction":[{"@type":"SearchAction","target":{"@type":"EntryPoint","urlTemplate":"https:\/\/festivalchairs.com\/?s={search_term_string}"},"query-input":{"@type":"PropertyValueSpecification","valueRequired":true,"valueName":"search_term_string"}}],"inLanguage":"de-DE"},{"@type":"Organization","@id":"https:\/\/festivalchairs.com\/#organization","name":"FestivalChairs","url":"https:\/\/festivalchairs.com\/","logo":{"@type":"ImageObject","inLanguage":"de-DE","@id":"https:\/\/festivalchairs.com\/#\/schema\/logo\/image\/","url":"https:\/\/www.festivalchairs.com\/app\/uploads\/2020\/01\/logo-en-light-hd.png","contentUrl":"https:\/\/www.festivalchairs.com\/app\/uploads\/2020\/01\/logo-en-light-hd.png","width":458,"height":64,"caption":"FestivalChairs"},"image":{"@id":"https:\/\/festivalchairs.com\/#\/schema\/logo\/image\/"},"sameAs":["https:\/\/www.facebook.com\/festivalchairs\/","https:\/\/x.com\/festivalchairs","https:\/\/www.youtube.com\/user\/FestivalChairs"]}]}},"_links":{"self":[{"href":"https:\/\/www.festivalchairs.com\/de\/wp-json\/wp\/v2\/pages\/4811","targetHints":{"allow":["GET"]}}],"collection":[{"href":"https:\/\/www.festivalchairs.com\/de\/wp-json\/wp\/v2\/pages"}],"about":[{"href":"https:\/\/www.festivalchairs.com\/de\/wp-json\/wp\/v2\/types\/page"}],"author":[{"embeddable":true,"href":"https:\/\/www.festivalchairs.com\/de\/wp-json\/wp\/v2\/users\/1"}],"replies":[{"embeddable":true,"href":"https:\/\/www.festivalchairs.com\/de\/wp-json\/wp\/v2\/comments?post=4811"}],"version-history":[{"count":1,"href":"https:\/\/www.festivalchairs.com\/de\/wp-json\/wp\/v2\/pages\/4811\/revisions"}],"predecessor-version":[{"id":4885,"href":"https:\/\/www.festivalchairs.com\/de\/wp-json\/wp\/v2\/pages\/4811\/revisions\/4885"}],"wp:attachment":[{"href":"https:\/\/www.festivalchairs.com\/de\/wp-json\/wp\/v2\/media?parent=4811"}],"curies":[{"name":"wp","href":"https:\/\/api.w.org\/{rel}","templated":true}]}}