{"id":3653,"date":"2019-03-14T10:50:49","date_gmt":"2019-03-14T09:50:49","guid":{"rendered":"https:\/\/www.festivalchairs.com\/inspiration\/"},"modified":"2019-10-17T17:27:09","modified_gmt":"2019-10-17T15:27:09","slug":"inspiration","status":"publish","type":"page","link":"https:\/\/www.festivalchairs.com\/sv\/inspiration\/","title":{"rendered":"Inspiration"},"content":{"rendered":"<p>Du kan trycka upp FestivalChairs och sedan anv\u00e4nda dem p\u00e5 olika s\u00e4tt i PR- och reklamsyften. Sj\u00e4lvfallet kan bes\u00f6kare sitta ned p\u00e5 pallen, men den g\u00e5r ocks\u00e5 att anv\u00e4nda p\u00e5 andra s\u00e4tt.<\/p>\n","protected":false},"excerpt":{"rendered":"<p>Du kan trycka upp FestivalChairs och sedan anv\u00e4nda dem p\u00e5 olika s\u00e4tt i PR- och reklamsyften. Sj\u00e4lvfallet kan bes\u00f6kare sitta ned p\u00e5 pallen, men den g\u00e5r ocks\u00e5 att anv\u00e4nda p\u00e5 andra s\u00e4tt.<\/p>\n","protected":false},"author":1,"featured_media":0,"parent":0,"menu_order":72,"comment_status":"closed","ping_status":"closed","template":"page_inspiratie.php","meta":{"_acf_changed":false,"footnotes":""},"class_list":["post-3653","page","type-page","status-publish","hentry"],"acf":[],"yoast_head":"<!-- This site is optimized with the Yoast SEO plugin v27.6 - https:\/\/yoast.com\/product\/yoast-seo-wordpress\/ -->\n<title>Inspiration - FestivalChairs<\/title>\n<meta name=\"robots\" content=\"index, follow, max-snippet:-1, max-image-preview:large, max-video-preview:-1\" \/>\n<link rel=\"canonical\" href=\"https:\/\/www.festivalchairs.com\/sv\/inspiration\/\" \/>\n<meta property=\"og:locale\" content=\"sv_SE\" \/>\n<meta property=\"og:type\" content=\"article\" \/>\n<meta property=\"og:title\" content=\"Inspiration - FestivalChairs\" \/>\n<meta property=\"og:description\" content=\"Du kan trycka upp FestivalChairs och sedan anv\u00e4nda dem p\u00e5 olika s\u00e4tt i PR- och reklamsyften. Sj\u00e4lvfallet kan bes\u00f6kare sitta ned p\u00e5 pallen, men den g\u00e5r ocks\u00e5 att anv\u00e4nda p\u00e5 andra s\u00e4tt.\" \/>\n<meta property=\"og:url\" content=\"https:\/\/www.festivalchairs.com\/sv\/inspiration\/\" \/>\n<meta property=\"og:site_name\" content=\"FestivalChairs\" \/>\n<meta property=\"article:publisher\" content=\"https:\/\/www.facebook.com\/festivalchairs\/\" \/>\n<meta property=\"article:modified_time\" content=\"2019-10-17T15:27:09+00:00\" \/>\n<meta name=\"twitter:card\" content=\"summary_large_image\" \/>\n<meta name=\"twitter:site\" content=\"@festivalchairs\" \/>\n<script type=\"application\/ld+json\" class=\"yoast-schema-graph\">{\"@context\":\"https:\\\/\\\/schema.org\",\"@graph\":[{\"@type\":\"WebPage\",\"@id\":\"https:\\\/\\\/www.festivalchairs.com\\\/sv\\\/inspiration\\\/\",\"url\":\"https:\\\/\\\/www.festivalchairs.com\\\/sv\\\/inspiration\\\/\",\"name\":\"Inspiration - FestivalChairs\",\"isPartOf\":{\"@id\":\"https:\\\/\\\/www.festivalchairs.com\\\/sv\\\/#website\"},\"datePublished\":\"2019-03-14T09:50:49+00:00\",\"dateModified\":\"2019-10-17T15:27:09+00:00\",\"breadcrumb\":{\"@id\":\"https:\\\/\\\/www.festivalchairs.com\\\/sv\\\/inspiration\\\/#breadcrumb\"},\"inLanguage\":\"sv-SE\",\"potentialAction\":[{\"@type\":\"ReadAction\",\"target\":[\"https:\\\/\\\/www.festivalchairs.com\\\/sv\\\/inspiration\\\/\"]}]},{\"@type\":\"BreadcrumbList\",\"@id\":\"https:\\\/\\\/www.festivalchairs.com\\\/sv\\\/inspiration\\\/#breadcrumb\",\"itemListElement\":[{\"@type\":\"ListItem\",\"position\":1,\"name\":\"Home\",\"item\":\"https:\\\/\\\/festivalchairs.com\\\/sv\\\/\"},{\"@type\":\"ListItem\",\"position\":2,\"name\":\"Inspiration\"}]},{\"@type\":\"WebSite\",\"@id\":\"https:\\\/\\\/www.festivalchairs.com\\\/sv\\\/#website\",\"url\":\"https:\\\/\\\/www.festivalchairs.com\\\/sv\\\/\",\"name\":\"FestivalChairs\",\"description\":\"Het krukje dat iedereen ziet zitten!\",\"publisher\":{\"@id\":\"https:\\\/\\\/www.festivalchairs.com\\\/sv\\\/#organization\"},\"potentialAction\":[{\"@type\":\"SearchAction\",\"target\":{\"@type\":\"EntryPoint\",\"urlTemplate\":\"https:\\\/\\\/www.festivalchairs.com\\\/sv\\\/?s={search_term_string}\"},\"query-input\":{\"@type\":\"PropertyValueSpecification\",\"valueRequired\":true,\"valueName\":\"search_term_string\"}}],\"inLanguage\":\"sv-SE\"},{\"@type\":\"Organization\",\"@id\":\"https:\\\/\\\/www.festivalchairs.com\\\/sv\\\/#organization\",\"name\":\"FestivalChairs\",\"url\":\"https:\\\/\\\/www.festivalchairs.com\\\/sv\\\/\",\"logo\":{\"@type\":\"ImageObject\",\"inLanguage\":\"sv-SE\",\"@id\":\"https:\\\/\\\/www.festivalchairs.com\\\/sv\\\/#\\\/schema\\\/logo\\\/image\\\/\",\"url\":\"https:\\\/\\\/www.festivalchairs.com\\\/app\\\/uploads\\\/2020\\\/01\\\/logo-en-light-hd.png\",\"contentUrl\":\"https:\\\/\\\/www.festivalchairs.com\\\/app\\\/uploads\\\/2020\\\/01\\\/logo-en-light-hd.png\",\"width\":458,\"height\":64,\"caption\":\"FestivalChairs\"},\"image\":{\"@id\":\"https:\\\/\\\/www.festivalchairs.com\\\/sv\\\/#\\\/schema\\\/logo\\\/image\\\/\"},\"sameAs\":[\"https:\\\/\\\/www.facebook.com\\\/festivalchairs\\\/\",\"https:\\\/\\\/x.com\\\/festivalchairs\",\"https:\\\/\\\/www.youtube.com\\\/user\\\/FestivalChairs\"]}]}<\/script>\n<!-- \/ Yoast SEO plugin. -->","yoast_head_json":{"title":"Inspiration - FestivalChairs","robots":{"index":"index","follow":"follow","max-snippet":"max-snippet:-1","max-image-preview":"max-image-preview:large","max-video-preview":"max-video-preview:-1"},"canonical":"https:\/\/www.festivalchairs.com\/sv\/inspiration\/","og_locale":"sv_SE","og_type":"article","og_title":"Inspiration - FestivalChairs","og_description":"Du kan trycka upp FestivalChairs och sedan anv\u00e4nda dem p\u00e5 olika s\u00e4tt i PR- och reklamsyften. Sj\u00e4lvfallet kan bes\u00f6kare sitta ned p\u00e5 pallen, men den g\u00e5r ocks\u00e5 att anv\u00e4nda p\u00e5 andra s\u00e4tt.","og_url":"https:\/\/www.festivalchairs.com\/sv\/inspiration\/","og_site_name":"FestivalChairs","article_publisher":"https:\/\/www.facebook.com\/festivalchairs\/","article_modified_time":"2019-10-17T15:27:09+00:00","twitter_card":"summary_large_image","twitter_site":"@festivalchairs","schema":{"@context":"https:\/\/schema.org","@graph":[{"@type":"WebPage","@id":"https:\/\/www.festivalchairs.com\/sv\/inspiration\/","url":"https:\/\/www.festivalchairs.com\/sv\/inspiration\/","name":"Inspiration - FestivalChairs","isPartOf":{"@id":"https:\/\/www.festivalchairs.com\/sv\/#website"},"datePublished":"2019-03-14T09:50:49+00:00","dateModified":"2019-10-17T15:27:09+00:00","breadcrumb":{"@id":"https:\/\/www.festivalchairs.com\/sv\/inspiration\/#breadcrumb"},"inLanguage":"sv-SE","potentialAction":[{"@type":"ReadAction","target":["https:\/\/www.festivalchairs.com\/sv\/inspiration\/"]}]},{"@type":"BreadcrumbList","@id":"https:\/\/www.festivalchairs.com\/sv\/inspiration\/#breadcrumb","itemListElement":[{"@type":"ListItem","position":1,"name":"Home","item":"https:\/\/festivalchairs.com\/sv\/"},{"@type":"ListItem","position":2,"name":"Inspiration"}]},{"@type":"WebSite","@id":"https:\/\/www.festivalchairs.com\/sv\/#website","url":"https:\/\/www.festivalchairs.com\/sv\/","name":"FestivalChairs","description":"Het krukje dat iedereen ziet zitten!","publisher":{"@id":"https:\/\/www.festivalchairs.com\/sv\/#organization"},"potentialAction":[{"@type":"SearchAction","target":{"@type":"EntryPoint","urlTemplate":"https:\/\/www.festivalchairs.com\/sv\/?s={search_term_string}"},"query-input":{"@type":"PropertyValueSpecification","valueRequired":true,"valueName":"search_term_string"}}],"inLanguage":"sv-SE"},{"@type":"Organization","@id":"https:\/\/www.festivalchairs.com\/sv\/#organization","name":"FestivalChairs","url":"https:\/\/www.festivalchairs.com\/sv\/","logo":{"@type":"ImageObject","inLanguage":"sv-SE","@id":"https:\/\/www.festivalchairs.com\/sv\/#\/schema\/logo\/image\/","url":"https:\/\/www.festivalchairs.com\/app\/uploads\/2020\/01\/logo-en-light-hd.png","contentUrl":"https:\/\/www.festivalchairs.com\/app\/uploads\/2020\/01\/logo-en-light-hd.png","width":458,"height":64,"caption":"FestivalChairs"},"image":{"@id":"https:\/\/www.festivalchairs.com\/sv\/#\/schema\/logo\/image\/"},"sameAs":["https:\/\/www.facebook.com\/festivalchairs\/","https:\/\/x.com\/festivalchairs","https:\/\/www.youtube.com\/user\/FestivalChairs"]}]}},"_links":{"self":[{"href":"https:\/\/www.festivalchairs.com\/sv\/wp-json\/wp\/v2\/pages\/3653","targetHints":{"allow":["GET"]}}],"collection":[{"href":"https:\/\/www.festivalchairs.com\/sv\/wp-json\/wp\/v2\/pages"}],"about":[{"href":"https:\/\/www.festivalchairs.com\/sv\/wp-json\/wp\/v2\/types\/page"}],"author":[{"embeddable":true,"href":"https:\/\/www.festivalchairs.com\/sv\/wp-json\/wp\/v2\/users\/1"}],"replies":[{"embeddable":true,"href":"https:\/\/www.festivalchairs.com\/sv\/wp-json\/wp\/v2\/comments?post=3653"}],"version-history":[{"count":0,"href":"https:\/\/www.festivalchairs.com\/sv\/wp-json\/wp\/v2\/pages\/3653\/revisions"}],"wp:attachment":[{"href":"https:\/\/www.festivalchairs.com\/sv\/wp-json\/wp\/v2\/media?parent=3653"}],"curies":[{"name":"wp","href":"https:\/\/api.w.org\/{rel}","templated":true}]}}