{"id":3680,"date":"2019-01-29T16:21:41","date_gmt":"2019-01-29T15:21:41","guid":{"rendered":"https:\/\/www.festivalchairs.com\/request-a-quote\/"},"modified":"2020-01-27T15:23:23","modified_gmt":"2020-01-27T14:23:23","slug":"be-om-en-offert","status":"publish","type":"page","link":"https:\/\/www.festivalchairs.com\/sv\/be-om-en-offert\/","title":{"rendered":"Be om en offert"},"content":{"rendered":"<p>Verkar det intressant att trycka upp kartongpallar med ditt f\u00f6retags logga inf\u00f6r ett evenemang, en kongress, festival eller n\u00e5got annat tillf\u00e4lle? Skulle du vilja ha r\u00e5d om skr\u00e4ddarsydda FestivalChairs och vill du trycka upp en inspirerande text, ett foto eller n\u00e5gon annan sp\u00e4nnande design p\u00e5 pallarna, som matchar det du vill utstr\u00e5la? Kontakta oss p\u00e5 telefonnumret +31 (0)23-5251400 eller beg\u00e4r en offert p\u00e5 v\u00e5r hemsida. Vi ger g\u00e4rna r\u00e5d och ser \u00f6ver vilka m\u00f6jligheter kartongpallarna kan erbjuda ditt f\u00f6retag, varum\u00e4rke eller produkt!<\/p>\n","protected":false},"excerpt":{"rendered":"<p>Verkar det intressant att trycka upp kartongpallar med ditt f\u00f6retags logga inf\u00f6r ett evenemang, en kongress, festival eller n\u00e5got annat tillf\u00e4lle? Skulle du vilja ha r\u00e5d om skr\u00e4ddarsydda FestivalChairs och vill du trycka upp en inspirerande text, ett foto eller n\u00e5gon annan sp\u00e4nnande design p\u00e5 pallarna, som matchar det du vill utstr\u00e5la? Kontakta oss p\u00e5 [&hellip;]<\/p>\n","protected":false},"author":1,"featured_media":0,"parent":0,"menu_order":112,"comment_status":"closed","ping_status":"closed","template":"page_offerte.php","meta":{"_acf_changed":false,"footnotes":""},"class_list":["post-3680","page","type-page","status-publish","hentry"],"acf":[],"yoast_head":"<!-- This site is optimized with the Yoast SEO plugin v27.5 - https:\/\/yoast.com\/product\/yoast-seo-wordpress\/ -->\n<title>Offertf\u00f6rfr\u00e5gan FestivalChair<\/title>\n<meta name=\"description\" content=\"Intresserad av FestivalChair? Be oss om en offert. Din offertf\u00f6rfr\u00e5gan besvaras alltid snabbt. Sj\u00e4lvfallet kan du \u00e4ven ringa oss.\" \/>\n<meta name=\"robots\" content=\"index, follow, max-snippet:-1, max-image-preview:large, max-video-preview:-1\" \/>\n<link rel=\"canonical\" href=\"https:\/\/www.festivalchairs.com\/sv\/be-om-en-offert\/\" \/>\n<meta property=\"og:locale\" content=\"sv_SE\" \/>\n<meta property=\"og:type\" content=\"article\" \/>\n<meta property=\"og:title\" content=\"Offertf\u00f6rfr\u00e5gan FestivalChair\" \/>\n<meta property=\"og:description\" content=\"Intresserad av FestivalChair? Be oss om en offert. Din offertf\u00f6rfr\u00e5gan besvaras alltid snabbt. Sj\u00e4lvfallet kan du \u00e4ven ringa oss.\" \/>\n<meta property=\"og:url\" content=\"https:\/\/www.festivalchairs.com\/sv\/be-om-en-offert\/\" \/>\n<meta property=\"og:site_name\" content=\"FestivalChairs\" \/>\n<meta property=\"article:publisher\" content=\"https:\/\/www.facebook.com\/festivalchairs\/\" \/>\n<meta property=\"article:modified_time\" content=\"2020-01-27T14:23:23+00:00\" \/>\n<meta name=\"twitter:card\" content=\"summary_large_image\" \/>\n<meta name=\"twitter:site\" content=\"@festivalchairs\" \/>\n<script type=\"application\/ld+json\" class=\"yoast-schema-graph\">{\"@context\":\"https:\\\/\\\/schema.org\",\"@graph\":[{\"@type\":\"WebPage\",\"@id\":\"https:\\\/\\\/www.festivalchairs.com\\\/sv\\\/be-om-en-offert\\\/\",\"url\":\"https:\\\/\\\/www.festivalchairs.com\\\/sv\\\/be-om-en-offert\\\/\",\"name\":\"Offertf\u00f6rfr\u00e5gan FestivalChair\",\"isPartOf\":{\"@id\":\"https:\\\/\\\/festivalchairs.com\\\/#website\"},\"datePublished\":\"2019-01-29T15:21:41+00:00\",\"dateModified\":\"2020-01-27T14:23:23+00:00\",\"description\":\"Intresserad av FestivalChair? Be oss om en offert. Din offertf\u00f6rfr\u00e5gan besvaras alltid snabbt. Sj\u00e4lvfallet kan du \u00e4ven ringa oss.\",\"breadcrumb\":{\"@id\":\"https:\\\/\\\/www.festivalchairs.com\\\/sv\\\/be-om-en-offert\\\/#breadcrumb\"},\"inLanguage\":\"sv-SE\",\"potentialAction\":[{\"@type\":\"ReadAction\",\"target\":[\"https:\\\/\\\/www.festivalchairs.com\\\/sv\\\/be-om-en-offert\\\/\"]}]},{\"@type\":\"BreadcrumbList\",\"@id\":\"https:\\\/\\\/www.festivalchairs.com\\\/sv\\\/be-om-en-offert\\\/#breadcrumb\",\"itemListElement\":[{\"@type\":\"ListItem\",\"position\":1,\"name\":\"Home\",\"item\":\"https:\\\/\\\/www.festivalchairs.com\\\/sv\\\/\"},{\"@type\":\"ListItem\",\"position\":2,\"name\":\"Be om en offert\"}]},{\"@type\":\"WebSite\",\"@id\":\"https:\\\/\\\/festivalchairs.com\\\/#website\",\"url\":\"https:\\\/\\\/festivalchairs.com\\\/\",\"name\":\"FestivalChairs\",\"description\":\"Het krukje dat iedereen ziet zitten!\",\"publisher\":{\"@id\":\"https:\\\/\\\/festivalchairs.com\\\/#organization\"},\"potentialAction\":[{\"@type\":\"SearchAction\",\"target\":{\"@type\":\"EntryPoint\",\"urlTemplate\":\"https:\\\/\\\/festivalchairs.com\\\/?s={search_term_string}\"},\"query-input\":{\"@type\":\"PropertyValueSpecification\",\"valueRequired\":true,\"valueName\":\"search_term_string\"}}],\"inLanguage\":\"sv-SE\"},{\"@type\":\"Organization\",\"@id\":\"https:\\\/\\\/festivalchairs.com\\\/#organization\",\"name\":\"FestivalChairs\",\"url\":\"https:\\\/\\\/festivalchairs.com\\\/\",\"logo\":{\"@type\":\"ImageObject\",\"inLanguage\":\"sv-SE\",\"@id\":\"https:\\\/\\\/festivalchairs.com\\\/#\\\/schema\\\/logo\\\/image\\\/\",\"url\":\"https:\\\/\\\/www.festivalchairs.com\\\/app\\\/uploads\\\/2020\\\/01\\\/logo-en-light-hd.png\",\"contentUrl\":\"https:\\\/\\\/www.festivalchairs.com\\\/app\\\/uploads\\\/2020\\\/01\\\/logo-en-light-hd.png\",\"width\":458,\"height\":64,\"caption\":\"FestivalChairs\"},\"image\":{\"@id\":\"https:\\\/\\\/festivalchairs.com\\\/#\\\/schema\\\/logo\\\/image\\\/\"},\"sameAs\":[\"https:\\\/\\\/www.facebook.com\\\/festivalchairs\\\/\",\"https:\\\/\\\/x.com\\\/festivalchairs\",\"https:\\\/\\\/www.youtube.com\\\/user\\\/FestivalChairs\"]}]}<\/script>\n<!-- \/ Yoast SEO plugin. -->","yoast_head_json":{"title":"Offertf\u00f6rfr\u00e5gan FestivalChair","description":"Intresserad av FestivalChair? Be oss om en offert. Din offertf\u00f6rfr\u00e5gan besvaras alltid snabbt. Sj\u00e4lvfallet kan du \u00e4ven ringa oss.","robots":{"index":"index","follow":"follow","max-snippet":"max-snippet:-1","max-image-preview":"max-image-preview:large","max-video-preview":"max-video-preview:-1"},"canonical":"https:\/\/www.festivalchairs.com\/sv\/be-om-en-offert\/","og_locale":"sv_SE","og_type":"article","og_title":"Offertf\u00f6rfr\u00e5gan FestivalChair","og_description":"Intresserad av FestivalChair? Be oss om en offert. Din offertf\u00f6rfr\u00e5gan besvaras alltid snabbt. Sj\u00e4lvfallet kan du \u00e4ven ringa oss.","og_url":"https:\/\/www.festivalchairs.com\/sv\/be-om-en-offert\/","og_site_name":"FestivalChairs","article_publisher":"https:\/\/www.facebook.com\/festivalchairs\/","article_modified_time":"2020-01-27T14:23:23+00:00","twitter_card":"summary_large_image","twitter_site":"@festivalchairs","schema":{"@context":"https:\/\/schema.org","@graph":[{"@type":"WebPage","@id":"https:\/\/www.festivalchairs.com\/sv\/be-om-en-offert\/","url":"https:\/\/www.festivalchairs.com\/sv\/be-om-en-offert\/","name":"Offertf\u00f6rfr\u00e5gan FestivalChair","isPartOf":{"@id":"https:\/\/festivalchairs.com\/#website"},"datePublished":"2019-01-29T15:21:41+00:00","dateModified":"2020-01-27T14:23:23+00:00","description":"Intresserad av FestivalChair? Be oss om en offert. Din offertf\u00f6rfr\u00e5gan besvaras alltid snabbt. Sj\u00e4lvfallet kan du \u00e4ven ringa oss.","breadcrumb":{"@id":"https:\/\/www.festivalchairs.com\/sv\/be-om-en-offert\/#breadcrumb"},"inLanguage":"sv-SE","potentialAction":[{"@type":"ReadAction","target":["https:\/\/www.festivalchairs.com\/sv\/be-om-en-offert\/"]}]},{"@type":"BreadcrumbList","@id":"https:\/\/www.festivalchairs.com\/sv\/be-om-en-offert\/#breadcrumb","itemListElement":[{"@type":"ListItem","position":1,"name":"Home","item":"https:\/\/www.festivalchairs.com\/sv\/"},{"@type":"ListItem","position":2,"name":"Be om en offert"}]},{"@type":"WebSite","@id":"https:\/\/festivalchairs.com\/#website","url":"https:\/\/festivalchairs.com\/","name":"FestivalChairs","description":"Het krukje dat iedereen ziet zitten!","publisher":{"@id":"https:\/\/festivalchairs.com\/#organization"},"potentialAction":[{"@type":"SearchAction","target":{"@type":"EntryPoint","urlTemplate":"https:\/\/festivalchairs.com\/?s={search_term_string}"},"query-input":{"@type":"PropertyValueSpecification","valueRequired":true,"valueName":"search_term_string"}}],"inLanguage":"sv-SE"},{"@type":"Organization","@id":"https:\/\/festivalchairs.com\/#organization","name":"FestivalChairs","url":"https:\/\/festivalchairs.com\/","logo":{"@type":"ImageObject","inLanguage":"sv-SE","@id":"https:\/\/festivalchairs.com\/#\/schema\/logo\/image\/","url":"https:\/\/www.festivalchairs.com\/app\/uploads\/2020\/01\/logo-en-light-hd.png","contentUrl":"https:\/\/www.festivalchairs.com\/app\/uploads\/2020\/01\/logo-en-light-hd.png","width":458,"height":64,"caption":"FestivalChairs"},"image":{"@id":"https:\/\/festivalchairs.com\/#\/schema\/logo\/image\/"},"sameAs":["https:\/\/www.facebook.com\/festivalchairs\/","https:\/\/x.com\/festivalchairs","https:\/\/www.youtube.com\/user\/FestivalChairs"]}]}},"_links":{"self":[{"href":"https:\/\/www.festivalchairs.com\/sv\/wp-json\/wp\/v2\/pages\/3680","targetHints":{"allow":["GET"]}}],"collection":[{"href":"https:\/\/www.festivalchairs.com\/sv\/wp-json\/wp\/v2\/pages"}],"about":[{"href":"https:\/\/www.festivalchairs.com\/sv\/wp-json\/wp\/v2\/types\/page"}],"author":[{"embeddable":true,"href":"https:\/\/www.festivalchairs.com\/sv\/wp-json\/wp\/v2\/users\/1"}],"replies":[{"embeddable":true,"href":"https:\/\/www.festivalchairs.com\/sv\/wp-json\/wp\/v2\/comments?post=3680"}],"version-history":[{"count":1,"href":"https:\/\/www.festivalchairs.com\/sv\/wp-json\/wp\/v2\/pages\/3680\/revisions"}],"predecessor-version":[{"id":5428,"href":"https:\/\/www.festivalchairs.com\/sv\/wp-json\/wp\/v2\/pages\/3680\/revisions\/5428"}],"wp:attachment":[{"href":"https:\/\/www.festivalchairs.com\/sv\/wp-json\/wp\/v2\/media?parent=3680"}],"curies":[{"name":"wp","href":"https:\/\/api.w.org\/{rel}","templated":true}]}}